{"id":4611,"date":"2021-11-22T20:32:13","date_gmt":"2021-11-22T17:32:13","guid":{"rendered":"http:\/\/rossahomeconcept.com\/?page_id=4611"},"modified":"2021-11-22T20:32:49","modified_gmt":"2021-11-22T17:32:49","slug":"4611-2","status":"publish","type":"page","link":"http:\/\/rossahomeconcept.com\/index.php\/4611-2\/","title":{"rendered":"Roma Tonlar\u0131"},"content":{"rendered":"<div id='av-layout-grid-1'  class='av-layout-grid-container entry-content-wrapper main_color av-flex-cells     avia-builder-el-0  el_before_av_layout_row  avia-builder-el-first  container_wrap sidebar_right' style=' '  >\n<div class=\"flex_cell no_margin av_one_third  avia-builder-el-1  el_before_av_cell_one_third  avia-builder-el-first   \" ><div class='flex_cell_inner' ><\/div><\/div><div class=\"flex_cell no_margin av_one_third  avia-builder-el-2  el_after_av_cell_one_third  el_before_av_cell_one_third   \"  style='vertical-align:top; padding:30px 30px 10px 30px ; ' ><div class='flex_cell_inner' ><section class=\"av_textblock_section \"  itemscope=\"itemscope\" itemtype=\"https:\/\/schema.org\/CreativeWork\" ><div class='avia_textblock  '   itemprop=\"text\" ><h1 class=\"header-title\" style=\"text-align: center;\"><span>ROMA TONLARI<\/span><\/h1>\n<\/div><\/section>\n<\/div><\/div><div class=\"flex_cell no_margin av_one_third  avia-builder-el-4  el_after_av_cell_one_third  avia-builder-el-last   \"  style='vertical-align:top; padding:30px; ' ><div class='flex_cell_inner' ><\/div><\/div><\/div><div id='av-layout-grid-2'  class='av-layout-grid-container entry-content-wrapper main_color av-flex-cells     avia-builder-el-5  el_after_av_layout_row  el_before_av_layout_row  submenu-not-first container_wrap sidebar_right' style=' '  >\n<div class=\"flex_cell no_margin av_one_full  avia-builder-el-6  avia-builder-el-no-sibling   \"  style='vertical-align:top; padding:10px 30px 10px 30px ; ' ><div class='flex_cell_inner' ><div   class='hr hr-default   avia-builder-el-7  avia-builder-el-no-sibling '><span class='hr-inner ' ><span class='hr-inner-style'><\/span><\/span><\/div>\n<\/div><\/div>\n<\/div><\/p>\n<div id='av-layout-grid-3'  class='av-layout-grid-container entry-content-wrapper main_color av-flex-cells     avia-builder-el-8  el_after_av_layout_row  el_before_av_layout_row  container submenu-not-first container_wrap sidebar_right' style=' '  >\n<div class=\"flex_cell no_margin av_one_fifth  avia-builder-el-9  el_before_av_cell_three_fifth  avia-builder-el-first   \" ><div class='flex_cell_inner' ><\/div><\/div><div class=\"flex_cell no_margin av_three_fifth  avia-builder-el-10  el_after_av_cell_one_fifth  el_before_av_cell_one_fifth   \"  style='vertical-align:top; padding:10px 30px 30px 30px ; ' ><div class='flex_cell_inner' ><section class=\"av_textblock_section \"  itemscope=\"itemscope\" itemtype=\"https:\/\/schema.org\/CreativeWork\" ><div class='avia_textblock  '   itemprop=\"text\" ><p>Roman g\u00f6lgelerimiz, kuma\u015f k\u0131vr\u0131mlar\u0131n\u0131n yumu\u015fak g\u00f6r\u00fcn\u00fcm\u00fcn\u00fc geleneksel bir g\u00f6lgenin kullan\u0131m kolayl\u0131\u011f\u0131 ve rahatl\u0131\u011f\u0131yla birle\u015ftirir, kald\u0131r\u0131ld\u0131\u011f\u0131nda d\u00fczg\u00fcn ve e\u015fit bir \u015fekilde istiflenir.\u00a0Roma tonlar\u0131 evinize zarif, geleneksel bir g\u00f6r\u00fcn\u00fcm getirebilir veya \u00e7a\u011fda\u015f ve rahat olabilir.\u00a0Tarz\u0131n\u0131za uygun bir\u00e7ok g\u00f6rkemli kuma\u015f, renk, k\u0131vr\u0131m ve opakl\u0131kta sunulmaktad\u0131r.<\/p>\n<\/div><\/section>\n<\/div><\/div><div class=\"flex_cell no_margin av_one_fifth  avia-builder-el-12  el_after_av_cell_three_fifth  avia-builder-el-last   \"  style='vertical-align:top; padding:30px; ' ><div class='flex_cell_inner' ><\/div><\/div><\/div><div id='av-layout-grid-4'  class='av-layout-grid-container entry-content-wrapper main_color av-flex-cells     avia-builder-el-13  el_after_av_layout_row  el_before_av_layout_row  container submenu-not-first container_wrap sidebar_right' style=' '  >\n<div class=\"flex_cell no_margin av_one_fifth  avia-builder-el-14  el_before_av_cell_three_fifth  avia-builder-el-first   \" ><div class='flex_cell_inner' ><\/div><\/div><div class=\"flex_cell no_margin av_three_fifth  avia-builder-el-15  el_after_av_cell_one_fifth  el_before_av_cell_one_fifth   \"  style='vertical-align:top; padding:30px; ' ><div class='flex_cell_inner' ><p><div  class='avia-image-container  av-styling-    avia-builder-el-16  el_before_av_textblock  avia-builder-el-first  avia-align-center '  itemprop=\"image\" itemscope=\"itemscope\" itemtype=\"https:\/\/schema.org\/ImageObject\"  ><div class='avia-image-container-inner'><div class='avia-image-overlay-wrap'><img class='avia_image' src='http:\/\/rossahomeconcept.com\/wp-content\/uploads\/2021\/11\/roman-shades-vignette-category-2.jpg' alt='' title='roman-shades-vignette-category-2' height=\"341\" width=\"621\"  itemprop=\"thumbnailUrl\"  \/><\/div><\/div><\/div><br \/>\n<section class=\"av_textblock_section \"  itemscope=\"itemscope\" itemtype=\"https:\/\/schema.org\/CreativeWork\" ><div class='avia_textblock  '   itemprop=\"text\" ><h3><span>V\u0130GNET<\/span><\/h3>\n<\/div><\/section><br \/>\n<section class=\"av_textblock_section \"  itemscope=\"itemscope\" itemtype=\"https:\/\/schema.org\/CreativeWork\" ><div class='avia_textblock  '   itemprop=\"text\" ><p><span class=\"ng-star-inserted\"><span>Vignette<\/span><span>\u00a0Modern Roman Perdeler, tutarl\u0131 k\u0131vr\u0131mlara sahiptir ve a\u00e7\u0131kta kalan arka kordonlar\u0131 yoktur, bu da pencereleri d\u00fczenli ve daha g\u00fcvenli tutar.\u00a0Farkl\u0131 katlama stilleri ve boyutlar\u0131 ile az bak\u0131m gerektiren ve temizlemesi kolay g\u00fczel kuma\u015flar aras\u0131ndan se\u00e7im yap\u0131n.<\/span><\/span><\/p>\n<\/div><\/section><\/p>\n<\/div><\/div><div class=\"flex_cell no_margin av_one_fifth  avia-builder-el-19  el_after_av_cell_three_fifth  avia-builder-el-last   \"  style='vertical-align:top; padding:30px; ' ><div class='flex_cell_inner' ><\/div><\/div><\/div><div id='av-layout-grid-5'  class='av-layout-grid-container entry-content-wrapper main_color av-flex-cells     avia-builder-el-20  el_after_av_layout_row  el_before_av_layout_row  container submenu-not-first container_wrap sidebar_right' style=' '  >\n<div class=\"flex_cell no_margin av_one_fifth  avia-builder-el-21  el_before_av_cell_three_fifth  avia-builder-el-first   \" ><div class='flex_cell_inner' ><\/div><\/div><div class=\"flex_cell no_margin av_three_fifth  avia-builder-el-22  el_after_av_cell_one_fifth  el_before_av_cell_one_fifth   \"  style='vertical-align:top; padding:30px; ' ><div class='flex_cell_inner' ><p><div  class='avia-image-container  av-styling-    avia-builder-el-23  el_before_av_textblock  avia-builder-el-first  avia-align-center '  itemprop=\"image\" itemscope=\"itemscope\" itemtype=\"https:\/\/schema.org\/ImageObject\"  ><div class='avia-image-container-inner'><div class='avia-image-overlay-wrap'><img class='avia_image' src='http:\/\/rossahomeconcept.com\/wp-content\/uploads\/2021\/11\/roman-shades-vignette-category-2.jpg' alt='' title='roman-shades-vignette-category-2' height=\"341\" width=\"621\"  itemprop=\"thumbnailUrl\"  \/><\/div><\/div><\/div><br \/>\n<section class=\"av_textblock_section \"  itemscope=\"itemscope\" itemtype=\"https:\/\/schema.org\/CreativeWork\" ><div class='avia_textblock  '   itemprop=\"text\" ><h3><span>V\u0130GNET<\/span><\/h3>\n<\/div><\/section><br \/>\n<section class=\"av_textblock_section \"  itemscope=\"itemscope\" itemtype=\"https:\/\/schema.org\/CreativeWork\" ><div class='avia_textblock  '   itemprop=\"text\" ><p><span class=\"ng-star-inserted\"><span>Vignette<\/span><span>\u00a0Modern Roman Perdeler, tutarl\u0131 k\u0131vr\u0131mlara sahiptir ve a\u00e7\u0131kta kalan arka kordonlar\u0131 yoktur, bu da pencereleri d\u00fczenli ve daha g\u00fcvenli tutar.\u00a0Farkl\u0131 katlama stilleri ve boyutlar\u0131 ile az bak\u0131m gerektiren ve temizlemesi kolay g\u00fczel kuma\u015flar aras\u0131ndan se\u00e7im yap\u0131n.<\/span><\/span><\/p>\n<\/div><\/section><\/p>\n<\/div><\/div><div class=\"flex_cell no_margin av_one_fifth  avia-builder-el-26  el_after_av_cell_three_fifth  avia-builder-el-last   \"  style='vertical-align:top; padding:30px; ' ><div class='flex_cell_inner' ><\/div><\/div><\/div><div id='av-layout-grid-6'  class='av-layout-grid-container entry-content-wrapper main_color av-flex-cells     avia-builder-el-27  el_after_av_layout_row  el_before_av_layout_row  container submenu-not-first container_wrap sidebar_right' style=' '  >\n<div class=\"flex_cell no_margin av_one_fifth  avia-builder-el-28  el_before_av_cell_three_fifth  avia-builder-el-first   \" ><div class='flex_cell_inner' ><\/div><\/div><div class=\"flex_cell no_margin av_three_fifth  avia-builder-el-29  el_after_av_cell_one_fifth  el_before_av_cell_one_fifth   \"  style='vertical-align:top; padding:30px; ' ><div class='flex_cell_inner' ><p><div  class='avia-image-container  av-styling-    avia-builder-el-30  el_before_av_textblock  avia-builder-el-first  avia-align-center '  itemprop=\"image\" itemscope=\"itemscope\" itemtype=\"https:\/\/schema.org\/ImageObject\"  ><div class='avia-image-container-inner'><div class='avia-image-overlay-wrap'><img class='avia_image' src='http:\/\/rossahomeconcept.com\/wp-content\/uploads\/2021\/11\/roman-shades-solera-category.jpg' alt='' title='roman-shades-solera-category' height=\"313\" width=\"570\"  itemprop=\"thumbnailUrl\"  \/><\/div><\/div><\/div><br \/>\n<section class=\"av_textblock_section \"  itemscope=\"itemscope\" itemtype=\"https:\/\/schema.org\/CreativeWork\" ><div class='avia_textblock  '   itemprop=\"text\" ><div class=\"product-title\">\n<h3><span>SOLERA<\/span><\/h3>\n<\/div>\n<div class=\"product-copy\">\n<p><span class=\"ng-star-inserted\"><span>Enerji verimlili\u011finin ek faydas\u0131 ile klasik Roman renk tonlar\u0131n\u0131n imzas\u0131, kal\u0131c\u0131 \u00e7ekicili\u011fi i\u00e7in Solera\u00a0<\/span><sup><span>\u00ae<\/span><\/sup><span>\u00a0Soft\u00a0Shades&#8217;i d\u00fc\u015f\u00fcn\u00fcn\u00a0.\u00a0Yenilik\u00e7i h\u00fccresel yap\u0131lar\u0131 havay\u0131 hapsederek evinizi k\u0131\u015f\u0131n daha s\u0131cak ve yaz aylar\u0131nda daha serin tutar.<\/span><\/span><\/p>\n<\/div>\n<\/div><\/section><\/p>\n<\/div><\/div><div class=\"flex_cell no_margin av_one_fifth  avia-builder-el-32  el_after_av_cell_three_fifth  avia-builder-el-last   \"  style='vertical-align:top; padding:30px; ' ><div class='flex_cell_inner' ><\/div><\/div><\/div><div id='av-layout-grid-7'  class='av-layout-grid-container entry-content-wrapper main_color av-flex-cells     avia-builder-el-33  el_after_av_layout_row  avia-builder-el-last  container submenu-not-first container_wrap sidebar_right' style=' '  >\n<div class=\"flex_cell no_margin av_one_fifth  avia-builder-el-34  el_before_av_cell_three_fifth  avia-builder-el-first   \" ><div class='flex_cell_inner' ><\/div><\/div><div class=\"flex_cell no_margin av_three_fifth  avia-builder-el-35  el_after_av_cell_one_fifth  el_before_av_cell_one_fifth   \"  style='vertical-align:top; padding:30px; ' ><div class='flex_cell_inner' ><p><div  class='avia-image-container  av-styling-    avia-builder-el-36  el_before_av_textblock  avia-builder-el-first  avia-align-center '  itemprop=\"image\" itemscope=\"itemscope\" itemtype=\"https:\/\/schema.org\/ImageObject\"  ><div class='avia-image-container-inner'><div class='avia-image-overlay-wrap'><img class='avia_image' src='http:\/\/rossahomeconcept.com\/wp-content\/uploads\/2021\/11\/design-studio-roman-shades-teaser.jpg' alt='' title='design-studio-roman-shades-teaser' height=\"314\" width=\"572\"  itemprop=\"thumbnailUrl\"  \/><\/div><\/div><\/div><br \/>\n<section class=\"av_textblock_section \"  itemscope=\"itemscope\" itemtype=\"https:\/\/schema.org\/CreativeWork\" ><div class='avia_textblock  '   itemprop=\"text\" ><div class=\"product-title\">\n<h3><span>TASARIM ST\u00dcDYOSU<\/span><\/h3>\n<\/div>\n<div class=\"product-copy\">\n<p><span class=\"ng-star-inserted\"><span>Design Studio\u2122 Roman Tonlar\u0131m\u0131zla hayalinizdeki Roma g\u00f6lgesini yarat\u0131n.\u00a0NY tasar\u0131mc\u0131s\u0131 Rebecca Atwood&#8217;un \u00f6zel koleksiyonu da dahil olmak \u00fczere \u00fc\u00e7 farkl\u0131 stil ve geni\u015f bir l\u00fcks kuma\u015f yelpazesi aras\u0131ndan se\u00e7im yap\u0131n.\u00a0Her zaman istedi\u011finiz g\u00f6r\u00fcn\u00fcm\u00fc olu\u015fturana kadar bunlar\u0131 Yan Panellerimiz ve Perdelerimizle birle\u015ftirin<\/span><\/span><\/p>\n<\/div>\n<\/div><\/section><\/p>\n<\/div><\/div><div class=\"flex_cell no_margin av_one_fifth  avia-builder-el-38  el_after_av_cell_three_fifth  avia-builder-el-last   \"  style='vertical-align:top; padding:30px; ' ><div class='flex_cell_inner' ><\/div><\/div><\/div><\/p>\n","protected":false},"excerpt":{"rendered":"","protected":false},"author":1,"featured_media":0,"parent":0,"menu_order":0,"comment_status":"closed","ping_status":"closed","template":"","meta":{"footnotes":""},"class_list":["post-4611","page","type-page","status-publish","hentry"],"_links":{"self":[{"href":"http:\/\/rossahomeconcept.com\/index.php\/wp-json\/wp\/v2\/pages\/4611","targetHints":{"allow":["GET"]}}],"collection":[{"href":"http:\/\/rossahomeconcept.com\/index.php\/wp-json\/wp\/v2\/pages"}],"about":[{"href":"http:\/\/rossahomeconcept.com\/index.php\/wp-json\/wp\/v2\/types\/page"}],"author":[{"embeddable":true,"href":"http:\/\/rossahomeconcept.com\/index.php\/wp-json\/wp\/v2\/users\/1"}],"replies":[{"embeddable":true,"href":"http:\/\/rossahomeconcept.com\/index.php\/wp-json\/wp\/v2\/comments?post=4611"}],"version-history":[{"count":3,"href":"http:\/\/rossahomeconcept.com\/index.php\/wp-json\/wp\/v2\/pages\/4611\/revisions"}],"predecessor-version":[{"id":4617,"href":"http:\/\/rossahomeconcept.com\/index.php\/wp-json\/wp\/v2\/pages\/4611\/revisions\/4617"}],"wp:attachment":[{"href":"http:\/\/rossahomeconcept.com\/index.php\/wp-json\/wp\/v2\/media?parent=4611"}],"curies":[{"name":"wp","href":"https:\/\/api.w.org\/{rel}","templated":true}]}}