{"id":3255,"date":"2021-10-17T00:17:14","date_gmt":"2021-10-16T21:17:14","guid":{"rendered":"http:\/\/rossahomeconcept.com\/?page_id=3255"},"modified":"2021-11-22T11:17:23","modified_gmt":"2021-11-22T08:17:23","slug":"anasayfa","status":"publish","type":"page","link":"http:\/\/rossahomeconcept.com\/","title":{"rendered":"Anasayfa"},"content":{"rendered":"<div id='fullscreen_slider_1'  class='avia-fullscreen-slider main_color   avia-builder-el-0  el_before_av_textblock  avia-builder-el-first   container_wrap sidebar_right' style=' '  ><a href='#next-section' title='' class='scroll-down-link av-control-default' aria-hidden='true' data-av_icon='\ue877' data-av_iconfont='entypo-fontello'><\/a><div   data-size='extra_large'  data-lightbox_size='large'  data-animation='fade'  data-conditional_play=''  data-ids='3256,315'  data-video_counter='0'  data-autoplay='true'  data-bg_slider='true'  data-slide_height='100'  data-handle='av_fullscreen'  data-interval='5'  data-class=' '  data-el_id=''  data-css_id='fullscreen_slider_1'  data-scroll_down='aviaTBscroll_down'  data-control_layout='av-control-default'  data-custom_markup=''  data-perma_caption=''  data-autoplay_stopper=''  data-image_attachment=''  data-min_height='0px'  data-stretch=''  data-default-height='100'  class='avia-slideshow avia-slideshow-1 av-slider-scroll-down-active av-control-default av-default-height-applied avia-slideshow-extra_large av_fullscreen   avia-fade-slider '  itemprop=\"image\" itemscope=\"itemscope\" itemtype=\"https:\/\/schema.org\/ImageObject\" ><ul class='avia-slideshow-inner ' style='padding-bottom: 41.666666666667%;' ><li style='background-position:center center;' data-img-url='http:\/\/rossahomeconcept.com\/wp-content\/uploads\/2021\/10\/anasayfa-1500x625.jpg' class=' slide-1 ' ><div data-rel='slideshow-1' class='avia-slide-wrap '   ><div class = \"caption_fullwidth av-slideshow-caption caption_center\"><div class = \"container caption_container\"><div class = \"slideshow_caption\"><div class = \"slideshow_inner_caption\"><div class = \"slideshow_align_caption\"><h1  style='font-size:50px; color:#0a0a0a; ' class='avia-caption-title  '  itemprop=\"name\" >\u00d6zel Yeni Yan Paneller ve Perdelik<\/h1><div class='avia-caption-content  av_inherit_color'  itemprop=\"description\"   style='font-size:20px; color:#494949; '><p>En Son \u00d6ne \u00c7\u0131kan Sanat\u00e7\u0131lar\u0131m\u0131zdan Heyecan Verici Tasar\u0131mlar<\/p>\n<\/div><\/div><\/div><\/div><\/div><\/div><\/div><\/li><li style='background-position:center center;' data-img-url='http:\/\/rossahomeconcept.com\/wp-content\/uploads\/2012\/04\/014.jpg' class=' slide-2 ' ><div data-rel='slideshow-1' class='avia-slide-wrap '   ><div class = \"caption_fullwidth av-slideshow-caption caption_right caption_right_framed caption_framed\"><div class = \"container caption_container\"><div class = \"slideshow_caption\"><div class = \"slideshow_inner_caption\"><div class = \"slideshow_align_caption\"><h2  class='avia-caption-title  '  itemprop=\"name\" >\u00d6zel Yeni Yan Paneller ve Perdelik<\/h2><div class='avia-caption-content  '  itemprop=\"description\"  ><p>En Son \u00d6ne \u00c7\u0131kan Sanat\u00e7\u0131lar\u0131m\u0131zdan Heyecan Verici Tasar\u0131mlar<\/p>\n<\/div><\/div><\/div><\/div><\/div><\/div><\/div><\/li><\/ul><div class='avia-slideshow-arrows avia-slideshow-controls'><a href='#prev' class='prev-slide' aria-hidden='true' data-av_icon='\ue87c' data-av_iconfont='entypo-fontello'>\u00d6nceki<\/a><a href='#next' class='next-slide' aria-hidden='true' data-av_icon='\ue87d' data-av_iconfont='entypo-fontello'>Sonraki<\/a><\/div><div class='avia-slideshow-dots avia-slideshow-controls'><a href='#1' class='goto-slide active' >1<\/a><a href='#2' class='goto-slide ' >2<\/a><\/div><\/div><\/div><div id='after_full_slider_1'  class='main_color av_default_container_wrap container_wrap sidebar_right' style=' '  ><div class='container' ><div class='template-page content  av-content-small alpha units'><div class='post-entry post-entry-type-page post-entry-3255'><div class='entry-content-wrapper clearfix'>\n<section class=\"av_textblock_section \"  itemscope=\"itemscope\" itemtype=\"https:\/\/schema.org\/CreativeWork\" ><div class='avia_textblock  av_inherit_color '  style='color:#465062; '  itemprop=\"text\" ><div class=\"column align-center small-12 medium-10\">\n<h3 style=\"text-align: center;\">\u00d6zel Panjur, Panjur, Panjur ve Perdelik<\/h3>\n<p style=\"text-align: center;\">Hunter Douglas pencere uygulamalar\u0131n\u0131n evinizdeki \u0131\u015f\u0131\u011f\u0131 nas\u0131l d\u00f6n\u00fc\u015ft\u00fcrd\u00fc\u011f\u00fcn\u00fc ve g\u00fcnl\u00fck ya\u015fam\u0131 nas\u0131l iyile\u015ftirdi\u011fini ke\u015ffedin<\/p>\n<p style=\"text-align: center;\">ve e\u015fsiz ve g\u00fczel alan\u0131n\u0131z\u0131n ruh halini tan\u0131mlamak.<\/p>\n<\/div>\n<div class=\"column align-center small-12 medium-10 large-8 ng-star-inserted\">\n<div><\/div>\n<\/div>\n<\/div><\/section>\n<\/div><\/div><\/div><!-- close content main div --><\/div><\/div><div id='av-layout-grid-1'  class='av-layout-grid-container entry-content-wrapper main_color av-flex-cells     avia-builder-el-2  el_after_av_textblock  el_before_av_layout_row  container submenu-not-first container_wrap sidebar_right' style=' '  >\n<div class=\"flex_cell no_margin av_two_fifth  avia-builder-el-3  el_before_av_cell_three_fifth  avia-builder-el-first   \"  style='vertical-align:top; padding:15px; ' ><div class='flex_cell_inner' ><p><div class=\"flex_column av_one_full  flex_column_div av-zero-column-padding first  avia-builder-el-4  el_before_av_one_full  avia-builder-el-first  \" style='margin-top:0px; margin-bottom:15px; border-radius:0px; '><div  class='avia-image-container  av-styling-    avia-builder-el-5  avia-builder-el-no-sibling  avia-align-center '  itemprop=\"image\" itemscope=\"itemscope\" itemtype=\"https:\/\/schema.org\/ImageObject\"  ><div class='avia-image-container-inner'><div class='avia-image-overlay-wrap'><img class='avia_image' src='http:\/\/rossahomeconcept.com\/wp-content\/uploads\/2021\/10\/g1-1.jpg' alt='' title='g1' height=\"263\" width=\"457\"  itemprop=\"thumbnailUrl\"  \/><\/div><\/div><\/div><\/div><div class=\"flex_column av_one_full  flex_column_div av-zero-column-padding first  avia-builder-el-6  el_after_av_one_full  avia-builder-el-last  column-top-margin\" style='margin-top:15px; margin-bottom:0px; border-radius:0px; '><div  class='avia-image-container  av-styling-    avia-builder-el-7  avia-builder-el-no-sibling  avia-align-center '  itemprop=\"image\" itemscope=\"itemscope\" itemtype=\"https:\/\/schema.org\/ImageObject\"  ><div class='avia-image-container-inner'><div class='avia-image-overlay-wrap'><img class='avia_image' src='http:\/\/rossahomeconcept.com\/wp-content\/uploads\/2021\/10\/g3-2.jpg' alt='' title='g3' height=\"263\" width=\"457\"  itemprop=\"thumbnailUrl\"  \/><\/div><\/div><\/div><\/div><\/p>\n<\/div><\/div><div class=\"flex_cell no_margin av_three_fifth  avia-builder-el-8  el_after_av_cell_two_fifth  avia-builder-el-last   \"  style='vertical-align:top; padding:15px; ' ><div class='flex_cell_inner' ><div  class='avia-image-container  av-styling-    avia-builder-el-9  avia-builder-el-no-sibling  avia-align-center '  itemprop=\"image\" itemscope=\"itemscope\" itemtype=\"https:\/\/schema.org\/ImageObject\"  ><div class='avia-image-container-inner'><div class='avia-image-overlay-wrap'><img class='avia_image' src='http:\/\/rossahomeconcept.com\/wp-content\/uploads\/2021\/10\/g2.jpg' alt='' title='g2' height=\"558\" width=\"696\"  itemprop=\"thumbnailUrl\"  \/><\/div><\/div><\/div>\n<\/div><\/div>\n<\/div>\n<div id='av-layout-grid-2'  class='av-layout-grid-container entry-content-wrapper main_color av-flex-cells     avia-builder-el-10  el_after_av_layout_row  el_before_av_layout_row  container submenu-not-first container_wrap sidebar_right' style=' '  >\n<div class=\"flex_cell no_margin av_two_third  avia-builder-el-11  el_before_av_cell_one_third  avia-builder-el-first   \"  style='vertical-align:top; padding:15px; ' ><div class='flex_cell_inner' ><div  class='avia-image-container  av-styling-no-styling    avia-builder-el-12  avia-builder-el-no-sibling  avia-align-center '  itemprop=\"image\" itemscope=\"itemscope\" itemtype=\"https:\/\/schema.org\/ImageObject\"  ><div class='avia-image-container-inner'><div class='avia-image-overlay-wrap'><img class='avia_image' src='http:\/\/rossahomeconcept.com\/wp-content\/uploads\/2021\/10\/g4-1.jpg' alt='' title='g4' height=\"360\" width=\"776\"  itemprop=\"thumbnailUrl\"  \/><\/div><\/div><\/div>\n<\/div><\/div><div class=\"flex_cell no_margin av_one_third  avia-builder-el-13  el_after_av_cell_two_third  avia-builder-el-last   \"  style='vertical-align:top; padding:15px; ' ><div class='flex_cell_inner' ><div  id=\"grid-5-image\"  class='avia-image-container  av-styling-no-styling    avia-builder-el-14  avia-builder-el-no-sibling  avia-align-center '  itemprop=\"image\" itemscope=\"itemscope\" itemtype=\"https:\/\/schema.org\/ImageObject\"  ><div class='avia-image-container-inner'><div class='avia-image-overlay-wrap'><img class='avia_image' src='http:\/\/rossahomeconcept.com\/wp-content\/uploads\/2021\/10\/g5-1.jpg' alt='' title='g5' height=\"360\" width=\"373\"  itemprop=\"thumbnailUrl\"  \/><\/div><\/div><\/div>\n<\/div><\/div>\n<\/div>\n<div id='av-layout-grid-3'  class='av-layout-grid-container entry-content-wrapper main_color av-flex-cells     avia-builder-el-15  el_after_av_layout_row  avia-builder-el-last  container submenu-not-first container_wrap sidebar_right' style=' '  >\n<div class=\"flex_cell no_margin av_one_full  avia-builder-el-16  avia-builder-el-no-sibling   \"  style='vertical-align:top; padding:15px; ' ><div class='flex_cell_inner' ><div class=\"flex_column av_one_full  flex_column_div av-zero-column-padding first  avia-builder-el-17  avia-builder-el-no-sibling  \" style='border-radius:0px; '><div  class='avia-image-container  av-styling-    avia-builder-el-18  avia-builder-el-no-sibling  avia-align-center '  itemprop=\"image\" itemscope=\"itemscope\" itemtype=\"https:\/\/schema.org\/ImageObject\"  ><div class='avia-image-container-inner'><div class='avia-image-overlay-wrap'><img class='avia_image' src='http:\/\/rossahomeconcept.com\/wp-content\/uploads\/2021\/10\/g6-1.jpg' alt='' title='g6' height=\"577\" width=\"1179\"  itemprop=\"thumbnailUrl\"  \/><\/div><\/div><\/div><\/div>\n<\/div><\/div>\n<\/div>\n","protected":false},"excerpt":{"rendered":"","protected":false},"author":1,"featured_media":0,"parent":0,"menu_order":1,"comment_status":"closed","ping_status":"closed","template":"","meta":{"footnotes":""},"class_list":["post-3255","page","type-page","status-publish","hentry"],"_links":{"self":[{"href":"http:\/\/rossahomeconcept.com\/index.php\/wp-json\/wp\/v2\/pages\/3255","targetHints":{"allow":["GET"]}}],"collection":[{"href":"http:\/\/rossahomeconcept.com\/index.php\/wp-json\/wp\/v2\/pages"}],"about":[{"href":"http:\/\/rossahomeconcept.com\/index.php\/wp-json\/wp\/v2\/types\/page"}],"author":[{"embeddable":true,"href":"http:\/\/rossahomeconcept.com\/index.php\/wp-json\/wp\/v2\/users\/1"}],"replies":[{"embeddable":true,"href":"http:\/\/rossahomeconcept.com\/index.php\/wp-json\/wp\/v2\/comments?post=3255"}],"version-history":[{"count":139,"href":"http:\/\/rossahomeconcept.com\/index.php\/wp-json\/wp\/v2\/pages\/3255\/revisions"}],"predecessor-version":[{"id":4586,"href":"http:\/\/rossahomeconcept.com\/index.php\/wp-json\/wp\/v2\/pages\/3255\/revisions\/4586"}],"wp:attachment":[{"href":"http:\/\/rossahomeconcept.com\/index.php\/wp-json\/wp\/v2\/media?parent=3255"}],"curies":[{"name":"wp","href":"https:\/\/api.w.org\/{rel}","templated":true}]}}